{"id":160,"date":"2018-09-12T13:57:30","date_gmt":"2018-09-12T13:57:30","guid":{"rendered":"http:\/\/localhost\/vivaldi\/?page_id=160"},"modified":"2025-08-14T16:29:23","modified_gmt":"2025-08-14T21:29:23","slug":"cursos","status":"publish","type":"page","link":"https:\/\/academiavivaldi.com\/vivaldi\/cursos\/","title":{"rendered":"Porqu\u00e9 estudiar M\u00fasica ?"},"content":{"rendered":"<figure><img decoding=\"async\" src=\"http:\/\/academiavivaldi.com\/vivaldi\/wp-content\/uploads\/2023\/01\/fotos-3-1024x726.jpg\" alt=\"\" \/><\/figure>\n\n\n<p>&nbsp;<\/p>\n\n\n\n<h6 class=\"wp-block-heading wp-elements-842ec7d32f11518a548930c1bb02843a\" style=\"font-size: 22px;\"><strong>Porqu\u00e9 estudiar en la Academia Vivaldi?<\/strong><\/h6>\n<p><strong>\n\n\n\n<\/strong><\/p>\n<strong class=\"is-layout-constrained wp-block-group-is-layout-constrained\">\n\n<\/strong>\n<h5 class=\"wp-block-heading wp-elements-1a3b2cce54156c93520b097152946569\" style=\"font-size: 22px;\">Estudiar M\u00fasica mejora el rendimiento acad\u00e9mico.<\/h5>\n<h5>\n\n\n<\/h5>\n<h5 class=\"wp-block-heading wp-elements-2859aab00659b879fed4a5107bc1a373\" style=\"font-size: 22px;\">Estudiar un instrumento musical fortalece las conexiones entre los dos hemisferios del cerebro en los ni\u00f1os y mejora el funcionamiento cognitivo.\u00a0 Adem\u00e1s se estimula otras partes del cerebro relacionadas con la lectura, las matem\u00e1ticas, las emociones, es una terapia \u00fanica para ejercitar la memoria.\u200b<\/h5>\n<h5>\n\n\n<\/h5>\n<h5 class=\"wp-block-heading wp-elements-fd204462fcfdb2493f1326fa4380dfe0\" style=\"font-size: 22px;\">Los ni\u00f1os que estudian M\u00fasica aprenden a trabajar en equipo y son capaces de apreciar los beneficios que conlleva trabajar\u00a0en grupo, al mismo tiempo que desarrollan sus habilidades de liderazgo, organizaci\u00f3n y disciplina.\u200b<\/h5>\n<h5>\n\n\n<\/h5>\n<h5 class=\"wp-block-heading wp-elements-c99e48ed04c3eaab04773aa31df81a6b\" style=\"font-size: 22px;\">Estudiar M\u00fasica ense\u00f1a a ser paciente<\/h5>\n<h5>\n\n\n<\/h5>\n<h5 class=\"wp-block-heading wp-elements-8ef942753eab62cdc7208ee8a031da4b\" style=\"font-size: 22px;\">Vivimos en una sociedad en la que, en innumerables aspectos, hemos conseguido cubrir nuestros deseos o necesidades de forma inmediata gracias a la tecnolog\u00eda y eso hace que los ni\u00f1os sean cada vez m\u00e1s impacientes y no valoren el esfuerzo por conseguir objetivos.\u00a0 Es en ese proceso de estudio musical, que los estudiantes mejorar\u00e1n su concentraci\u00f3n y habilidades de observaci\u00f3n, aprender\u00e1n a ser pacientes y a valorar lo que cuesta conseguir resultados.<\/h5>\n<h5>\n\n\n<\/h5>\n<h5 class=\"wp-block-heading wp-elements-b9ecae3bf770a83bf5eb0497d7170ad0\" style=\"font-size: 22px;\">Estudiar M\u00fasica reduce el stress<\/h5>\n<h5>\n\n\n<\/h5>\n<h5 class=\"wp-block-heading wp-elements-4cdcc709742e0139bd0e4c3e3a568e78\" style=\"font-size: 22px;\">Esta disciplina, adem\u00e1s de potenciar el enriquecimiento personal, tiene una gran cantidad de beneficios terap\u00e9uticos abalados por numerosas entidades cient\u00edficas.\u00a0\u200b<\/h5>\n<h5>\n\n\n<\/h5>\n<h5 class=\"wp-block-heading wp-elements-446b2597f7fed2e7eba370a266281953\" style=\"font-size: 22px;\">Estudiar M\u00fasica, nos divierte, nos entretiene, nos acerca a la felicidad, es algo de lo que podemos beneficiarnos toda la vida.<\/h5>\n<h5>\n\n\n<\/h5>\n<h5 class=\"wp-block-heading wp-elements-66e3040701b5c7161d089771bdf85501\" style=\"font-size: 22px;\">Perm\u00edtanos conocerlo para juntos definir la manera m\u00e1s adecuada de iniciar la formaci\u00f3n musical suya y de sus hijos.\u00a0<\/h5>\n<h5><strong>\n\n<\/strong><\/h5>\n<h5><strong>\n\n\n\n<\/strong><\/h5>\n<h5>\u00a0<\/h5>\n","protected":false},"excerpt":{"rendered":"<p>&nbsp; Porqu\u00e9 estudiar en la Academia Vivaldi? Estudiar M\u00fasica mejora [&hellip;]<\/p>\n","protected":false},"author":1,"featured_media":0,"parent":0,"menu_order":0,"comment_status":"closed","ping_status":"closed","template":"","meta":{"footnotes":""},"_links":{"self":[{"href":"https:\/\/academiavivaldi.com\/vivaldi\/wp-json\/wp\/v2\/pages\/160"}],"collection":[{"href":"https:\/\/academiavivaldi.com\/vivaldi\/wp-json\/wp\/v2\/pages"}],"about":[{"href":"https:\/\/academiavivaldi.com\/vivaldi\/wp-json\/wp\/v2\/types\/page"}],"author":[{"embeddable":true,"href":"https:\/\/academiavivaldi.com\/vivaldi\/wp-json\/wp\/v2\/users\/1"}],"replies":[{"embeddable":true,"href":"https:\/\/academiavivaldi.com\/vivaldi\/wp-json\/wp\/v2\/comments?post=160"}],"version-history":[{"count":138,"href":"https:\/\/academiavivaldi.com\/vivaldi\/wp-json\/wp\/v2\/pages\/160\/revisions"}],"predecessor-version":[{"id":4462,"href":"https:\/\/academiavivaldi.com\/vivaldi\/wp-json\/wp\/v2\/pages\/160\/revisions\/4462"}],"wp:attachment":[{"href":"https:\/\/academiavivaldi.com\/vivaldi\/wp-json\/wp\/v2\/media?parent=160"}],"curies":[{"name":"wp","href":"https:\/\/api.w.org\/{rel}","templated":true}]}}