{"id":158,"date":"2018-09-12T13:57:14","date_gmt":"2018-09-12T13:57:14","guid":{"rendered":"http:\/\/localhost\/vivaldi\/?page_id=158"},"modified":"2026-02-19T19:34:38","modified_gmt":"2026-02-20T00:34:38","slug":"intrumentos","status":"publish","type":"page","link":"https:\/\/academiavivaldi.com\/vivaldi\/intrumentos\/","title":{"rendered":"Instrumentos"},"content":{"rendered":"\n<p><\/p>\n\n\n\n<p><\/p>\n\n\n<figure>\n<\/figure>\n\n\n<h3 class=\"wp-block-heading\"><strong>Piano &#8211; Teclado &#8211; Sintetizador<\/strong><\/h3>\n\n\n\n<h5 class=\"wp-block-heading\">Este&nbsp; curso permite que el alumno adquiera la destreza t\u00e9cnica y las bases te\u00f3ricas para ejecutar su piano, \u00f3rgano, sintetizador \u00f3 teclado, con t\u00e9cnica de piano, es decir independencia absoluta de las dos manos.<\/h5>\n\n\n\n<h5 class=\"wp-block-heading\">El curso se ofrece para ni\u00f1os desde los siete a\u00f1os. Nuestro curso desarrolla el estudio de solfeo y teor\u00eda de la m\u00fasica, desarrollo r\u00edtmico, auditivo y lectura musical.\u00a0 Logrando de esta manera armar un repertorio que incluye desde temas populares, tradicionales hasta temas acad\u00e9micos y contempor\u00e1neos.<\/h5>\n\n\n\n<h5 class=\"wp-block-heading\">El curso para adolescentes y adultos\u00a0se lo ofrece con un concepto m\u00e1s acad\u00e9mico, armando en el menor tiempo posible los temas y g\u00e9neros musicales de inter\u00e9s del alumno.<\/h5>\n\n\n\n<h5 class=\"wp-block-heading\">El programa incluye la ense\u00f1anza del manejo de su sintetizador (manejo del acompa\u00f1amiento autom\u00e1tico, s\u00edntesis de sonido y creaci\u00f3n de secuencias). <\/h5>\n\n\n\n<h5 class=\"wp-block-heading\">Al finalizar los cursos, el alumno est\u00e1 en capacidad de ejecutar su instrumento, ya sea como piano acompa\u00f1ante \u00f3 piano solista.<\/h5>\n\n\n\n<h5 class=\"wp-block-heading\">Contamos con salones equipados&nbsp;&nbsp;con instrumentos profesionales de \u00faltima generaci\u00f3n y los elementos tecnol\u00f3gicos necesarios para ofrecer el m\u00e1s agradable ambiente al proceso de aprendizaje musical.<\/h5>\n\n\n\n<h5 class=\"wp-block-heading\">&nbsp;<\/h5>\n\n\n\n<p><\/p>\n\n\n\n<h3 class=\"wp-block-heading\"><strong>Guitarra Ac\u00fastica &#8211; Guitarra El\u00e9ctrica &#8211; Bajo El\u00e9ctrico<\/strong><\/h3>\n\n\n\n<p><\/p>\n\n\n\n<h5 class=\"wp-block-heading\">Este curso se ofrece con una metodolog\u00eda que permite que el alumno adquiera la destreza t\u00e9cnica para ejecutar la guitarra ac\u00fastica, guitarra el\u00e9ctrica \u00f3 bajo el\u00e9ctrico.<\/h5>\n\n\n\n<h5 class=\"wp-block-heading\">El programa de Guitarra Ac\u00fastica se dicta ya sea en t\u00e9cnica de guitarra popular&nbsp; \u00f3&nbsp; t\u00e9cnica de guitarra ecuatoriana.<\/h5>\n\n\n\n<h5 class=\"wp-block-heading\">El curso se ofrece para ni\u00f1os desde los doce a\u00f1os.\u00a0 El alumno desarrolla el aprendizaje de solfeo y lectura musical ( tablatura y partitura ), armando un repertorio universal, desde temas populares tradicionales hasta temas cl\u00e1sicos y contempor\u00e1neos.  El curso desarrolla la capacidad de unirse con otros m\u00fasicos y formar ensambles de m\u00fasica popular. <\/h5>\n\n\n\n<h5 class=\"wp-block-heading\">Al finalizar el curso el alumno est\u00e1 en capacidad de ejecutar su instrumento ya sea como acompa\u00f1ante \u00f3 como solista.<\/h5>\n\n\n\n<h5 class=\"wp-block-heading\">Contamos con aulas equipadas con guitarras ac\u00fasticas, guitarras el\u00e9ctricas, bajos el\u00e9ctricos y los elementos&nbsp;&nbsp;necesarios para ofrecer el m\u00e1s agradable ambiente al proceso de aprendizaje musical.<\/h5>\n\n\n\n<h5 class=\"wp-block-heading\">&nbsp;<\/h5>\n\n\n\n<h3 class=\"wp-block-heading\"><strong>Viol\u00edn<\/strong><\/h3>\n\n\n\n<p><\/p>\n\n\n\n<h5 class=\"wp-block-heading\">Este\u00a0 curso se ofrece con una metodolog\u00eda, que permite que el estudiante desde la primera clase desarrolle la t\u00e9cnica de ejecuci\u00f3n de este hermoso instrumento.<\/h5>\n\n\n\n<h5 class=\"wp-block-heading\">El curso se ofrece para j\u00f3venes desde los doce a\u00f1os, adolescentes y personas adultas.<\/h5>\n\n\n\n<h5 class=\"wp-block-heading\">Desarrolla el estudio de solfeo, lectura musical y teor\u00eda de la m\u00fasica, armando un repertorio universal, desde temas populares tradicionales hasta temas acad\u00e9micos y contempor\u00e1neos.<\/h5>\n\n\n\n<h5 class=\"wp-block-heading\">El curso &nbsp;para personas adultas se lo ofrece con un concepto m\u00e1s pr\u00e1ctico, armando en el menor tiempo posible los temas y g\u00e9neros musicales de inter\u00e9s del alumno.<\/h5>\n\n\n\n<h5 class=\"wp-block-heading\">Contamos con aulas equipadas con violines y los elementos multimedia necesarios para ofrecer el m\u00e1s agradable ambiente al proceso de aprendizaje musical.<\/h5>\n\n\n\n<h5 class=\"wp-block-heading\">&nbsp;<\/h5>\n\n\n\n<h3 class=\"wp-block-heading\"><strong>Bater\u00eda<\/strong><\/h3>\n\n\n\n<p><\/p>\n\n\n\n<h5 class=\"wp-block-heading\">Este\u00a0 curso se ofrece a ni\u00f1os desde los 10 a\u00f1os, j\u00f3venes y personas adultas, la metodolog\u00eda permite que el alumno adquiera la destreza t\u00e9cnica y te\u00f3rica para ejecutar la bater\u00eda.\u00a0<\/h5>\n\n\n\n<h5 class=\"wp-block-heading\">El curso de bater\u00eda permite desarrollar la t\u00e9cnica, as\u00ed como el aprendizaje de solfeo y lectura musical, armando estilos\u00a0tradicionales y contempor\u00e1neos. <\/h5>\n\n\n\n<h5 class=\"wp-block-heading\">El estudiante se integra en ensambles de m\u00fasica popular, lo que le permite desarrollar su capacidad musical.<\/h5>\n\n\n\n<h5 class=\"wp-block-heading\">Contamos con un aula para bater\u00eda equipada con pads de aprendizaje e instrumentos de \u00faltima generaci\u00f3n as\u00ed como los elementos multimedia necesarios para ofrecer el m\u00e1s agradable ambiente al proceso de aprendizaje musical.<\/h5>\n\n\n\n<h3 class=\"wp-block-heading\"><strong>Canto &#8211; Vocalizaci\u00f3n<\/strong><\/h3>\n\n\n\n<p><\/p>\n\n\n\n<h5 class=\"wp-block-heading\">Este&nbsp; curso se ofrece con una metodolog\u00eda que permite conocer los elementos fisiol\u00f3gicos que generan la voz humana, los elementos&nbsp;te\u00f3ricos de la m\u00fasica y la asociaci\u00f3n entre los dos.&nbsp; <\/h5>\n\n\n\n<h5 class=\"wp-block-heading\">Este curso se ofrece para adolescentes desde los 12 a\u00f1os y personas adultas.<\/h5>\n\n\n\n<h5 class=\"wp-block-heading\">El curso logra desarrollar el manejo t\u00e9cnico de la voz, identificar \/ modificar el registro natural, conocer los elementos te\u00f3ricos de\u00a0 la\u00a0m\u00fasica, adem\u00e1s de colocar efectos en la voz aplicado a un repertorio de car\u00e1cter popular.<\/h5>\n\n\n\n<h5 class=\"wp-block-heading\">El curso tambi\u00e9n desarrolla la presencia esc\u00e9nica y la expresi\u00f3n art\u00edstica.<\/h5>\n\n\n\n<h5 class=\"wp-block-heading\">Contamos con un sal\u00f3n para canto equipado con los elementos tecnol\u00f3gicos necesarios, para que su curso se desarrolle en\u00a0el\u00a0ambiente m\u00e1s agradable.<\/h5>\n","protected":false},"excerpt":{"rendered":"<p>Piano &#8211; Teclado &#8211; Sintetizador Este&nbsp; curso permite que el [&hellip;]<\/p>\n","protected":false},"author":1,"featured_media":0,"parent":0,"menu_order":0,"comment_status":"closed","ping_status":"closed","template":"","meta":{"footnotes":""},"_links":{"self":[{"href":"https:\/\/academiavivaldi.com\/vivaldi\/wp-json\/wp\/v2\/pages\/158"}],"collection":[{"href":"https:\/\/academiavivaldi.com\/vivaldi\/wp-json\/wp\/v2\/pages"}],"about":[{"href":"https:\/\/academiavivaldi.com\/vivaldi\/wp-json\/wp\/v2\/types\/page"}],"author":[{"embeddable":true,"href":"https:\/\/academiavivaldi.com\/vivaldi\/wp-json\/wp\/v2\/users\/1"}],"replies":[{"embeddable":true,"href":"https:\/\/academiavivaldi.com\/vivaldi\/wp-json\/wp\/v2\/comments?post=158"}],"version-history":[{"count":114,"href":"https:\/\/academiavivaldi.com\/vivaldi\/wp-json\/wp\/v2\/pages\/158\/revisions"}],"predecessor-version":[{"id":4478,"href":"https:\/\/academiavivaldi.com\/vivaldi\/wp-json\/wp\/v2\/pages\/158\/revisions\/4478"}],"wp:attachment":[{"href":"https:\/\/academiavivaldi.com\/vivaldi\/wp-json\/wp\/v2\/media?parent=158"}],"curies":[{"name":"wp","href":"https:\/\/api.w.org\/{rel}","templated":true}]}}